{"id":63,"date":"2022-03-13T19:52:09","date_gmt":"2022-03-13T19:52:09","guid":{"rendered":"http:\/\/test.fsgurzelen.ch\/?page_id=63"},"modified":"2026-04-12T07:02:20","modified_gmt":"2026-04-12T07:02:20","slug":"jahresprogramm","status":"publish","type":"page","link":"https:\/\/fsgurzelen.ch\/?page_id=63","title":{"rendered":"Jahresprogramm"},"content":{"rendered":"<div class=\"wp-block-post-date__modified-date wp-block-post-date\"><time datetime=\"2026-04-12T07:02:20+00:00\">12. April 2026<\/time><\/div>\n\n\n<p>Das Jahresprogramm <strong>2026<\/strong> der Feldsch\u00fctzengesellschaft Gurzelen ist nun verf\u00fcgbar und kann unter den folgenden Buttons ge\u00f6ffnet und im PDF Format heruntergeladen werden.<\/p>\n\n\n\n<div class=\"wp-block-columns alignwide is-layout-flex wp-container-core-columns-is-layout-9d6595d7 wp-block-columns-is-layout-flex\">\n<div class=\"wp-block-column has-black-color has-text-color has-background has-link-color wp-elements-9b32777e48d5680570ee7fccbb66ca5b is-layout-flow wp-block-column-is-layout-flow\" style=\"background-color:#fdd017;padding-top:2em;padding-right:2em;padding-bottom:2em;padding-left:2em\">\n<p class=\"has-normal-font-size\" style=\"line-height:1.5\"><strong>Schiessprogramm<\/strong><\/p>\n\n\n\n<hr class=\"wp-block-separator has-text-color has-css-opacity has-background is-style-wide\" style=\"background-color:#000000;color:#000000\"\/>\n\n\n\n<p style=\"font-size:12px\">Alle Schiess-Termine welche in Gurzelen stattfinden.<\/p>\n\n\n\n<ul class=\"wp-block-list\">\n<li>Er\u00f6ffnungsschiessen<\/li>\n\n\n\n<li>Trainings allg.<\/li>\n\n\n\n<li>OP<\/li>\n\n\n\n<li>JS \u00dcbungen<\/li>\n\n\n\n<li>Aussschiesset<\/li>\n\n\n\n<li>etc.<\/li>\n<\/ul>\n\n\n\n<div style=\"height:70px\" aria-hidden=\"true\" class=\"wp-block-spacer\"><\/div>\n\n\n\n<div class=\"wp-block-buttons alignfull is-horizontal is-content-justification-center is-layout-flex wp-container-core-buttons-is-layout-499968f5 wp-block-buttons-is-layout-flex\">\n<div class=\"wp-block-button has-custom-width wp-block-button__width-100 is-style-fill\"><a class=\"wp-block-button__link has-white-color has-text-color has-background wp-element-button\" href=\"https:\/\/fsgurzelen.ch\/wp-content\/uploads\/2026\/03\/FSG-Schiessprogramm_2026.pdf\" style=\"border-radius:100px;background-color:#c70808\" target=\"_blank\" rel=\"noreferrer noopener\">Download<\/a><\/div>\n<\/div>\n\n\n\n<div style=\"height:51px\" aria-hidden=\"true\" class=\"wp-block-spacer\"><\/div>\n\n\n\n<hr class=\"wp-block-separator has-text-color has-black-color has-alpha-channel-opacity has-black-background-color has-background is-style-wide\"\/>\n\n\n\n<p><strong>detailliertes Schiessprogramm<\/strong><\/p>\n\n\n\n<div class=\"wp-block-buttons alignfull is-horizontal is-content-justification-center is-layout-flex wp-container-core-buttons-is-layout-9393892f wp-block-buttons-is-layout-flex\">\n<div class=\"wp-block-button has-custom-width wp-block-button__width-100 is-style-fill\"><a class=\"wp-block-button__link has-white-color has-text-color has-background wp-element-button\" style=\"border-radius:100px;background-color:#c70808\">kommt noch<\/a><\/div>\n<\/div>\n<\/div>\n\n\n\n<div class=\"wp-block-column has-black-color has-text-color has-background has-link-color wp-elements-8f135944fac14a5faaab4fd05c665a86 is-layout-flow wp-block-column-is-layout-flow\" style=\"background-color:#ffe97d;padding-top:2em;padding-right:2em;padding-bottom:2em;padding-left:2em\">\n<p class=\"has-normal-font-size\" style=\"line-height:1.5\"><strong>Veranstaltungen<\/strong><\/p>\n\n\n\n<hr class=\"wp-block-separator has-text-color has-black-color has-css-opacity has-black-background-color has-background is-style-wide\"\/>\n\n\n\n<p style=\"font-size:12px\">Lokale sowie kantonale und nationale Veranstaltungen welche durch den Verein oder durch Externe organisiert und durchgef\u00fchrt werden.<\/p>\n\n\n\n<ul class=\"wp-block-list\">\n<li>Stafelalp-Schiessen<\/li>\n\n\n\n<li>G\u00fcrbe Sch\u00fctzentag<\/li>\n\n\n\n<li>Feldschiessen<\/li>\n\n\n\n<li>div. Sch\u00fctzenfeste<\/li>\n\n\n\n<li>Blattenheid<\/li>\n\n\n\n<li>etc&#8230;<\/li>\n<\/ul>\n\n\n\n<div class=\"wp-block-buttons alignfull is-horizontal is-content-justification-center is-layout-flex wp-container-core-buttons-is-layout-499968f5 wp-block-buttons-is-layout-flex\">\n<div class=\"wp-block-button has-custom-width wp-block-button__width-100 is-style-fill\"><a class=\"wp-block-button__link has-white-color has-text-color has-background wp-element-button\" href=\"https:\/\/fsgurzelen.ch\/wp-content\/uploads\/2026\/04\/FSG-Veranstaltungskalender_2026_v1.2.pdf\" style=\"border-radius:100px;background-color:#c70808\" target=\"_blank\" rel=\"noreferrer noopener\">Download<\/a><\/div>\n<\/div>\n<\/div>\n\n\n\n<div class=\"wp-block-column has-black-color has-text-color has-background has-link-color wp-elements-7531652308f5637b015f5496dd770e1f is-layout-flow wp-block-column-is-layout-flow\" style=\"background-color:#c68e17;padding-top:2em;padding-right:2em;padding-bottom:2em;padding-left:2em\">\n<p class=\"has-normal-font-size\"><strong>Regio &amp; SVBM<\/strong><\/p>\n\n\n\n<hr class=\"wp-block-separator has-text-color has-black-color has-css-opacity has-black-background-color has-background is-style-wide\"\/>\n\n\n\n<p style=\"font-size:12px\">Im SVBM Programm ist folgendes f\u00fcr unsere Veteranen enthalten:<\/p>\n\n\n\n<ul class=\"wp-block-list\">\n<li>Jahresschiessen<\/li>\n\n\n\n<li>Veteranencup<\/li>\n\n\n\n<li>etc.<\/li>\n<\/ul>\n\n\n\n<p style=\"font-size:12px\">\u00c4nderungen und zus\u00e4tzliche Trainingsdaten sind m\u00f6glich.<\/p>\n\n\n\n<div style=\"height:72px\" aria-hidden=\"true\" class=\"wp-block-spacer\"><\/div>\n\n\n\n<div class=\"wp-block-buttons alignfull is-horizontal is-content-justification-center is-layout-flex wp-container-core-buttons-is-layout-499968f5 wp-block-buttons-is-layout-flex\">\n<div class=\"wp-block-button has-custom-width wp-block-button__width-100\"><a class=\"wp-block-button__link has-white-color has-text-color has-background wp-element-button\" href=\"https:\/\/www.sv-bernmittelland.ch\/termine.html\" style=\"border-radius:100px;background-color:#c70808\" target=\"_blank\" rel=\"noreferrer noopener\">Link<\/a><\/div>\n<\/div>\n<\/div>\n<\/div>\n\n\n\n<figure class=\"wp-block-image size-full\"><img loading=\"lazy\" decoding=\"async\" width=\"1920\" height=\"1080\" src=\"https:\/\/fsgurzelen.ch\/wp-content\/uploads\/2022\/03\/20190626_093511000_iOS.jpg\" alt=\"\" class=\"wp-image-22\" srcset=\"https:\/\/fsgurzelen.ch\/wp-content\/uploads\/2022\/03\/20190626_093511000_iOS.jpg 1920w, https:\/\/fsgurzelen.ch\/wp-content\/uploads\/2022\/03\/20190626_093511000_iOS-300x169.jpg 300w, https:\/\/fsgurzelen.ch\/wp-content\/uploads\/2022\/03\/20190626_093511000_iOS-1024x576.jpg 1024w, https:\/\/fsgurzelen.ch\/wp-content\/uploads\/2022\/03\/20190626_093511000_iOS-768x432.jpg 768w, https:\/\/fsgurzelen.ch\/wp-content\/uploads\/2022\/03\/20190626_093511000_iOS-1536x864.jpg 1536w\" sizes=\"auto, (max-width: 767px) 89vw, (max-width: 1000px) 54vw, (max-width: 1071px) 543px, 580px\" \/><figcaption class=\"wp-element-caption\">default<\/figcaption><\/figure>\n","protected":false},"excerpt":{"rendered":"<p>Das Jahresprogramm 2026 der Feldsch\u00fctzengesellschaft Gurzelen ist nun verf\u00fcgbar und kann unter den folgenden Buttons ge\u00f6ffnet und im PDF Format heruntergeladen werden. Schiessprogramm Alle Schiess-Termine welche in Gurzelen stattfinden. detailliertes Schiessprogramm Veranstaltungen Lokale sowie kantonale und nationale Veranstaltungen welche durch den Verein oder durch Externe organisiert und durchgef\u00fchrt werden. Regio &amp; SVBM Im SVBM Programm &hellip; <\/p>\n<p class=\"link-more\"><a href=\"https:\/\/fsgurzelen.ch\/?page_id=63\" class=\"more-link\"><span class=\"screen-reader-text\">\u201eJahresprogramm\u201c<\/span> weiterlesen<\/a><\/p>\n","protected":false},"author":1,"featured_media":0,"parent":0,"menu_order":0,"comment_status":"closed","ping_status":"closed","template":"","meta":{"footnotes":""},"class_list":["post-63","page","type-page","status-publish","hentry"],"_links":{"self":[{"href":"https:\/\/fsgurzelen.ch\/index.php?rest_route=\/wp\/v2\/pages\/63","targetHints":{"allow":["GET"]}}],"collection":[{"href":"https:\/\/fsgurzelen.ch\/index.php?rest_route=\/wp\/v2\/pages"}],"about":[{"href":"https:\/\/fsgurzelen.ch\/index.php?rest_route=\/wp\/v2\/types\/page"}],"author":[{"embeddable":true,"href":"https:\/\/fsgurzelen.ch\/index.php?rest_route=\/wp\/v2\/users\/1"}],"replies":[{"embeddable":true,"href":"https:\/\/fsgurzelen.ch\/index.php?rest_route=%2Fwp%2Fv2%2Fcomments&post=63"}],"version-history":[{"count":67,"href":"https:\/\/fsgurzelen.ch\/index.php?rest_route=\/wp\/v2\/pages\/63\/revisions"}],"predecessor-version":[{"id":1768,"href":"https:\/\/fsgurzelen.ch\/index.php?rest_route=\/wp\/v2\/pages\/63\/revisions\/1768"}],"wp:attachment":[{"href":"https:\/\/fsgurzelen.ch\/index.php?rest_route=%2Fwp%2Fv2%2Fmedia&parent=63"}],"curies":[{"name":"wp","href":"https:\/\/api.w.org\/{rel}","templated":true}]}}