{"id":65,"date":"2022-03-13T19:53:15","date_gmt":"2022-03-13T19:53:15","guid":{"rendered":"http:\/\/test.fsgurzelen.ch\/?page_id=65"},"modified":"2026-03-01T14:14:45","modified_gmt":"2026-03-01T14:14:45","slug":"ueber-uns","status":"publish","type":"page","link":"https:\/\/fsgurzelen.ch\/?page_id=65","title":{"rendered":"\u00dcber uns"},"content":{"rendered":"\n<p>Die Feldsch\u00fctzengesellschaft Gurzelen, gegr\u00fcndet im Jahre 1874 mit Sitz in Gurzelen, ist ein Verein im Sinne von Art. 60 ff des ZGB. <\/p>\n\n\n\n<p>Der Verein geh\u00f6rt mit allen seinen Mitgliedern dem Landesteilverband Mittelland, dem Kantonalsch\u00fctzenverein Bern (BSSV) und dem Schweizerischen Sch\u00fctzenverband (SSV) an. Er ist auch Mitglied der Unfallversicherung Schweizerischer Sch\u00fctzenvereine (USS).<\/p>\n\n\n\n<div style=\"height:50px\" aria-hidden=\"true\" class=\"wp-block-spacer\"><\/div>\n\n\n\n<hr class=\"wp-block-separator has-alpha-channel-opacity is-style-wide\"\/>\n\n\n\n<p><\/p>\n","protected":false},"excerpt":{"rendered":"<p>Die Feldsch\u00fctzengesellschaft Gurzelen, gegr\u00fcndet im Jahre 1874 mit Sitz in Gurzelen, ist ein Verein im Sinne von Art. 60 ff des ZGB. Der Verein geh\u00f6rt mit allen seinen Mitgliedern dem Landesteilverband Mittelland, dem Kantonalsch\u00fctzenverein Bern (BSSV) und dem Schweizerischen Sch\u00fctzenverband (SSV) an. Er ist auch Mitglied der Unfallversicherung Schweizerischer Sch\u00fctzenvereine (USS).<\/p>\n","protected":false},"author":1,"featured_media":0,"parent":0,"menu_order":0,"comment_status":"closed","ping_status":"closed","template":"","meta":{"footnotes":""},"class_list":["post-65","page","type-page","status-publish","hentry"],"_links":{"self":[{"href":"https:\/\/fsgurzelen.ch\/index.php?rest_route=\/wp\/v2\/pages\/65","targetHints":{"allow":["GET"]}}],"collection":[{"href":"https:\/\/fsgurzelen.ch\/index.php?rest_route=\/wp\/v2\/pages"}],"about":[{"href":"https:\/\/fsgurzelen.ch\/index.php?rest_route=\/wp\/v2\/types\/page"}],"author":[{"embeddable":true,"href":"https:\/\/fsgurzelen.ch\/index.php?rest_route=\/wp\/v2\/users\/1"}],"replies":[{"embeddable":true,"href":"https:\/\/fsgurzelen.ch\/index.php?rest_route=%2Fwp%2Fv2%2Fcomments&post=65"}],"version-history":[{"count":6,"href":"https:\/\/fsgurzelen.ch\/index.php?rest_route=\/wp\/v2\/pages\/65\/revisions"}],"predecessor-version":[{"id":1742,"href":"https:\/\/fsgurzelen.ch\/index.php?rest_route=\/wp\/v2\/pages\/65\/revisions\/1742"}],"wp:attachment":[{"href":"https:\/\/fsgurzelen.ch\/index.php?rest_route=%2Fwp%2Fv2%2Fmedia&parent=65"}],"curies":[{"name":"wp","href":"https:\/\/api.w.org\/{rel}","templated":true}]}}