{"id":7,"date":"2024-01-17T19:43:32","date_gmt":"2024-01-17T19:43:32","guid":{"rendered":"http:\/\/test.fsgurzelen.ch\/?page_id=7"},"modified":"2026-03-22T16:21:37","modified_gmt":"2026-03-22T16:21:37","slug":"7-2","status":"publish","type":"page","link":"https:\/\/fsgurzelen.ch\/","title":{"rendered":"Startseite"},"content":{"rendered":"<div class=\"wp-block-post-date__modified-date wp-block-post-date\"><time datetime=\"2026-03-22T16:21:37+00:00\">22. M\u00e4rz 2026<\/time><\/div>\r\n\r\n\r\n<h1 class=\"wp-block-heading\"><span style=\"color: #ff0000;\"><strong>Aktuelles<\/strong><\/span><\/h1>\r\n<p>Die HV 2026 ist bereits Geschichte.<\/p>\r\n<p>Am 21. M\u00e4rz durften wir mit der Bereitstellung des Sch\u00fctzenhauses und dem ersten Schiesstag erfolgreich in die Schiesssaison 2026 starten.<\/p>\r\n\r\n\r\n\r\n\r\n<hr \/>\r\n<h1 class=\"wp-block-heading\"><strong><span style=\"color: #ff0000;\">Nachfolger gesucht !<\/span><\/strong><\/h1>\r\n\r\n\r\n\r\n<p>Wir sind auf der Suche nach motivierten Nachfolgern, die sich in unserem Verein Engagieren m\u00f6chten.<\/p>\r\n<ul>\r\n<li style=\"list-style-type: none;\">\r\n<ul>\r\n<li>Jungsch\u00fctzenleiter per HV 2027<\/li>\r\n<li>Vize-Pr\u00e4sident per sofort<\/li>\r\n<\/ul>\r\n<\/li>\r\n<\/ul>\r\n\r\n\r\n\r\n<p>Falls du Interesse hast, melde dich doch beim Vereinspr\u00e4sidenten.\u00a0<\/p>\r\n\r\n\r\n\r\n\r\n<hr class=\"wp-block-separator has-alpha-channel-opacity is-style-wide\" \/>\r\n\r\n\r\n<h1 class=\"wp-block-heading\"><span style=\"color: #ff0000;\"><strong>R\u00fcckblick<\/strong><\/span><\/h1>\r\n\r\n\r\n\r\n<ul>\r\n<li style=\"list-style-type: none;\">\r\n<ul>\r\n<li><a href=\"https:\/\/fsgurzelen.ch\/?p=1524\"><strong>R\u00fcckblick 150 Jahre Feldsch\u00fctzen Gurzelen<\/strong><\/a><\/li>\r\n<li><a style=\"font-size: 1rem;\" href=\"https:\/\/fsgurzelen.ch\/?p=1492\">Mittell\u00e4ndisches JS Wettschiessen 2024<\/a><\/li>\r\n<\/ul>\r\n<\/li>\r\n<\/ul>\r\n\r\n\r\n<hr class=\"wp-block-separator has-alpha-channel-opacity is-style-wide\" \/>\r\n\r\n\r\n<h1 class=\"wp-block-heading\"><span style=\"color: #ff0000;\"><strong>Letzte Updates<\/strong><\/span><\/h1>\r\n<ul>\r\n<li style=\"list-style-type: none;\">\r\n<ul>\r\n<li>22.03.2026, <a href=\"https:\/\/fsgurzelen.ch\/?page_id=70\"><strong>Mitgliederbereich<\/strong><\/a> (HV Protokoll)<\/li>\r\n<li>01.03.2026, <a href=\"https:\/\/fsgurzelen.ch\/?page_id=72\"><strong>OP &amp; FS Seite<\/strong><\/a><\/li>\r\n<li>01.03.2026, <a href=\"https:\/\/fsgurzelen.ch\/?page_id=70\"><strong>Mitgliederbereich<\/strong> <\/a>(Adressliste &amp; Jahresbericht)<\/li>\r\n<li>01.03.2026, <strong><a href=\"https:\/\/fsgurzelen.ch\/?page_id=63\">Veranstaltungskalender und Schiessprogramm 2026<\/a><\/strong><\/li>\r\n<\/ul>\r\n<\/li>\r\n<\/ul>\r\n\r\n\r\n<hr class=\"wp-block-separator has-alpha-channel-opacity is-style-wide\" \/>","protected":false},"excerpt":{"rendered":"<p>Aktuelles Die HV 2026 ist bereits Geschichte. Am 21. M\u00e4rz durften wir mit der Bereitstellung des Sch\u00fctzenhauses und dem ersten Schiesstag erfolgreich in die Schiesssaison 2026 starten. Wir sind auf der Suche nach motivierten Nachfolgern, die sich in unserem Verein Engagieren m\u00f6chten. Jungsch\u00fctzenleiter per HV 2027 Vize-Pr\u00e4sident per sofort Falls du Interesse hast, melde dich &hellip; <\/p>\n<p class=\"link-more\"><a href=\"https:\/\/fsgurzelen.ch\/\" class=\"more-link\"><span class=\"screen-reader-text\">\u201eStartseite\u201c<\/span> weiterlesen<\/a><\/p>\n","protected":false},"author":1,"featured_media":0,"parent":0,"menu_order":0,"comment_status":"closed","ping_status":"closed","template":"","meta":{"footnotes":""},"class_list":["post-7","page","type-page","status-publish","hentry"],"_links":{"self":[{"href":"https:\/\/fsgurzelen.ch\/index.php?rest_route=\/wp\/v2\/pages\/7","targetHints":{"allow":["GET"]}}],"collection":[{"href":"https:\/\/fsgurzelen.ch\/index.php?rest_route=\/wp\/v2\/pages"}],"about":[{"href":"https:\/\/fsgurzelen.ch\/index.php?rest_route=\/wp\/v2\/types\/page"}],"author":[{"embeddable":true,"href":"https:\/\/fsgurzelen.ch\/index.php?rest_route=\/wp\/v2\/users\/1"}],"replies":[{"embeddable":true,"href":"https:\/\/fsgurzelen.ch\/index.php?rest_route=%2Fwp%2Fv2%2Fcomments&post=7"}],"version-history":[{"count":281,"href":"https:\/\/fsgurzelen.ch\/index.php?rest_route=\/wp\/v2\/pages\/7\/revisions"}],"predecessor-version":[{"id":1763,"href":"https:\/\/fsgurzelen.ch\/index.php?rest_route=\/wp\/v2\/pages\/7\/revisions\/1763"}],"wp:attachment":[{"href":"https:\/\/fsgurzelen.ch\/index.php?rest_route=%2Fwp%2Fv2%2Fmedia&parent=7"}],"curies":[{"name":"wp","href":"https:\/\/api.w.org\/{rel}","templated":true}]}}