{"id":72,"date":"2022-03-14T20:14:14","date_gmt":"2022-03-14T20:14:14","guid":{"rendered":"http:\/\/test.fsgurzelen.ch\/?page_id=72"},"modified":"2026-03-01T10:35:26","modified_gmt":"2026-03-01T10:35:26","slug":"bundesuebungen","status":"publish","type":"page","link":"https:\/\/fsgurzelen.ch\/?page_id=72","title":{"rendered":"OP &#038; FS"},"content":{"rendered":"<div class=\"wp-block-post-date__modified-date wp-block-post-date\"><time datetime=\"2026-03-01T10:35:26+00:00\">1. M\u00e4rz 2026<\/time><\/div>\n\n<h2><span style=\"color: #ff0000;\"><strong>Termine OP 2026<\/strong><\/span><\/h2>\n<p style=\"text-align: left;\"><strong>1. OP<\/strong><br \/>Montag, 6. April 2026, 09:00 &#8211; 11:00<br \/>Sch\u00fctzenhaus Gurzelen<br \/><a href=\"https:\/\/fsgurzelen.ch\/?page_id=78\">Schiessstand<\/a><\/p>\n<p style=\"text-align: left;\"><strong>2. OP<\/strong><br \/>Samstag, 13. Juni 2026, 09:00 &#8211; 11:00<br \/>Sch\u00fctzenhaus Gurzelen<br \/><a href=\"https:\/\/fsgurzelen.ch\/?page_id=78\">Schiessstand<\/a><\/p>\n<p style=\"text-align: left;\"><strong>3. OP<\/strong><br \/>Samstag, 22. August 2026, 09:00 &#8211; 11:00<br \/>Sch\u00fctzenhaus Gurzelen<br \/><a href=\"https:\/\/fsgurzelen.ch\/?page_id=78\">Schiessstand<\/a><\/p>\n<hr \/>\n<h2><span style=\"color: #ff0000;\"><strong>Termine FS 2026<\/strong><\/span><\/h2>\n<p style=\"text-align: left;\"><strong>Eidgen\u00f6ssisches Feldschiessen<\/strong><br \/>Freitag, 29. Mai 2026, 18:30 &#8211; 20:30\u00a0<br \/>Samstag 30. Mai 2026, 09:30 &#8211; 11:30<br \/>Sonntag 31. Mai 2026, 08:30 &#8211; 11:30 (inkl. Predigtpause)<\/p>\n<p><strong>Vorschiessen Feldschiessen<\/strong><br \/>Mittwoch, 20.05.2026, 18:30 &#8211; 20:30<br \/>&#8211;&gt; Bei Interesse, bitte vorg\u00e4ngig bei unserem Schiesssekret\u00e4r melden f\u00fcr das organisieren mit dem Standblatt.<\/p>\n<p style=\"text-align: left;\">Durchf\u00fchrungsort Sch\u00fctzenhaus Wattenwil<br \/><a href=\"https:\/\/sgwattenwil.jimdofree.com\/feldschiessen\/\">Feldschiessen &#8211; sgwattenwil Webseite! (jimdofree.com)<\/a><\/p>\n<p><img loading=\"lazy\" decoding=\"async\" class=\"alignnone size-large wp-image-1065\" src=\"https:\/\/fsgurzelen.ch\/wp-content\/uploads\/2024\/01\/20220319_104401-1920x1048.jpg\" alt=\"\" width=\"525\" height=\"287\" srcset=\"https:\/\/fsgurzelen.ch\/wp-content\/uploads\/2024\/01\/20220319_104401-1920x1048.jpg 1920w, https:\/\/fsgurzelen.ch\/wp-content\/uploads\/2024\/01\/20220319_104401-300x164.jpg 300w, https:\/\/fsgurzelen.ch\/wp-content\/uploads\/2024\/01\/20220319_104401-768x419.jpg 768w, https:\/\/fsgurzelen.ch\/wp-content\/uploads\/2024\/01\/20220319_104401-1536x838.jpg 1536w, https:\/\/fsgurzelen.ch\/wp-content\/uploads\/2024\/01\/20220319_104401-2048x1118.jpg 2048w\" sizes=\"auto, (max-width: 525px) 100vw, 525px\" \/><\/p>","protected":false},"excerpt":{"rendered":"<p>Termine OP 2026 1. OPMontag, 6. April 2026, 09:00 &#8211; 11:00Sch\u00fctzenhaus GurzelenSchiessstand 2. OPSamstag, 13. Juni 2026, 09:00 &#8211; 11:00Sch\u00fctzenhaus GurzelenSchiessstand 3. OPSamstag, 22. August 2026, 09:00 &#8211; 11:00Sch\u00fctzenhaus GurzelenSchiessstand Termine FS 2026 Eidgen\u00f6ssisches FeldschiessenFreitag, 29. Mai 2026, 18:30 &#8211; 20:30\u00a0Samstag 30. Mai 2026, 09:30 &#8211; 11:30Sonntag 31. Mai 2026, 08:30 &#8211; 11:30 (inkl. Predigtpause) &hellip; <\/p>\n<p class=\"link-more\"><a href=\"https:\/\/fsgurzelen.ch\/?page_id=72\" class=\"more-link\"><span class=\"screen-reader-text\">\u201eOP &#038; FS\u201c<\/span> weiterlesen<\/a><\/p>\n","protected":false},"author":1,"featured_media":0,"parent":0,"menu_order":0,"comment_status":"closed","ping_status":"closed","template":"","meta":{"footnotes":""},"class_list":["post-72","page","type-page","status-publish","hentry"],"_links":{"self":[{"href":"https:\/\/fsgurzelen.ch\/index.php?rest_route=\/wp\/v2\/pages\/72","targetHints":{"allow":["GET"]}}],"collection":[{"href":"https:\/\/fsgurzelen.ch\/index.php?rest_route=\/wp\/v2\/pages"}],"about":[{"href":"https:\/\/fsgurzelen.ch\/index.php?rest_route=\/wp\/v2\/types\/page"}],"author":[{"embeddable":true,"href":"https:\/\/fsgurzelen.ch\/index.php?rest_route=\/wp\/v2\/users\/1"}],"replies":[{"embeddable":true,"href":"https:\/\/fsgurzelen.ch\/index.php?rest_route=%2Fwp%2Fv2%2Fcomments&post=72"}],"version-history":[{"count":30,"href":"https:\/\/fsgurzelen.ch\/index.php?rest_route=\/wp\/v2\/pages\/72\/revisions"}],"predecessor-version":[{"id":1720,"href":"https:\/\/fsgurzelen.ch\/index.php?rest_route=\/wp\/v2\/pages\/72\/revisions\/1720"}],"wp:attachment":[{"href":"https:\/\/fsgurzelen.ch\/index.php?rest_route=%2Fwp%2Fv2%2Fmedia&parent=72"}],"curies":[{"name":"wp","href":"https:\/\/api.w.org\/{rel}","templated":true}]}}