{"id":74,"date":"2022-03-14T20:15:23","date_gmt":"2022-03-14T20:15:23","guid":{"rendered":"http:\/\/test.fsgurzelen.ch\/?page_id=74"},"modified":"2026-04-22T06:24:16","modified_gmt":"2026-04-22T06:24:16","slug":"jungschuetzenkurs","status":"publish","type":"page","link":"https:\/\/fsgurzelen.ch\/?page_id=74","title":{"rendered":"Jungsch\u00fctzen"},"content":{"rendered":"<div class=\"wp-block-post-date__modified-date wp-block-post-date\"><time datetime=\"2026-04-22T06:24:16+00:00\">22. April 2026<\/time><\/div>\r\n<h1><span style=\"color: #ff0000;\"><strong>Jungsch\u00fctzenleiter<\/strong><\/span><\/h1>\r\n<p>Noah Heynemann<\/p>\r\n<p><a href=\"https:\/\/fsgurzelen.ch\/?page_id=80\"  class=\"mailcrypt\">jsleiter<span><span>\u2202<\/span><\/span>fsgurzelen.ch<\/a><\/p>\r\n<hr \/>\r\n<h1><span style=\"color: #ff0000;\"><strong>Jungsch\u00fctzenkurs in Gurzelen<\/strong><\/span><\/h1>\r\n<p>Wir f\u00fchren einen Jungsch\u00fctzenkurs durch. Aber was ist das?<\/p>\r\n<p>Sogenannte &#8222;Jungsch\u00fctzen&#8220; wie wir Sie nennen, Jugendliche und Erwachsene im Alter von 15 bis 20 Jahren, k\u00f6nnen bei uns den Jungsch\u00fctzenkurs absolvieren.\u00a0 Dieser Kurs wird vom Bund unterst\u00fctzt und ist f\u00fcr alle Teilnehmer Gratis.<\/p>\r\n<p>Bei uns lernst du den sicheren, Verantwortungsbewussten und Sportlichen Umgang mit dem Sturmgewehr 90. Richtig, f\u00fcr uns ist es ein Sportger\u00e4t!<\/p>\r\n<p>Um dies zu erlernen starten wir jeweils Anfang M\u00e4rz mit zwei Theoriebl\u00f6cken.<br \/>Anschliessend geht es auf die 300m Schiessanlage bei dem du dein k\u00f6nnen unter Beweis stellen kannst. Es ist nicht schlimm, wenn Du nicht auf Anhieb ins Schwarze triffst, wir haben bis zum Kursende im September Zeit zum \u00dcben.<\/p>\r\n<p>Zusammen mit anderen Teilnehmern triffst du Dich ca. 15mal zum Training \/ Wettkampf.<br \/>Nebst der Anlage in Gurzelen, besuchen wir auch andere Schiessst\u00e4nde in der Umgebung (Feldschiessen, Wettschiessen, etc.).<\/p>\r\n<p>Zudem unternehmen wir eine JS-Reise oder besuchen den Br\u00e4tliabend der Feldsch\u00fctzen Gurzelen.<br \/>Im Weiteren haben wir durchs Jahr hindurch Vereins-Anl\u00e4sse, die wir gemeinsam durchf\u00fchren.<\/p>\r\n<p>M\u00f6chtest du mehr \u00fcber den Jungsch\u00fctzenkurs erfahren oder sogar Anmelden?<br \/>Dan melde dich mittels unten stehenden Anmeldeformular<br \/>Anschliessend werde ich Kontakt mir dir Aufnehmen<\/p>\r\n<hr \/>\r\n<h1><span style=\"color: #ff0000;\"><strong>Jahresprogramm JS-Kurs 2026<\/strong><\/span><\/h1>\r\n<p><a href=\"https:\/\/fsgurzelen.ch\/wp-content\/uploads\/2026\/04\/JS-Jahresprogramm_2026.pdf\" target=\"_blank\" rel=\"noopener\">JS-Jahresprogramm_2026<\/a><\/p>\r\n<!-- \/wp:post-content -->\r\n\r\n<!-- wp:file {\"id\":1358,\"href\":\"https:\/\/fsgurzelen.ch\/wp-content\/uploads\/2024\/04\/JS-Jahresprogramm-2024.pdf\",\"displayPreview\":true} -->\r\n<div class=\"wp-block-file\">\u00a0<\/div>\r\n<!-- \/wp:file -->\r\n\r\n<!-- wp:separator {\"className\":\"is-style-wide\"} --><hr class=\"wp-block-separator has-alpha-channel-opacity is-style-wide\" \/><!-- \/wp:separator -->\r\n\r\n<!-- wp:paragraph -->\r\n<p>F\u00fclle das <strong>Formular<\/strong> aus um dem Jungsch\u00fctzenleiter direkt von hier aus eine Nachricht zu senden.<\/p>\r\n<!-- \/wp:paragraph -->\r\n\r\n<!-- wp:contact-form-7\/contact-form-selector {\"id\":476,\"title\":\"Kontaktformular Jungsch\u00fctzenleiter\"} -->\r\n<div class=\"wp-block-contact-form-7-contact-form-selector\">\n<div class=\"wpcf7 no-js\" id=\"wpcf7-f476-o1\" lang=\"de-DE\" dir=\"ltr\" data-wpcf7-id=\"476\">\n<div class=\"screen-reader-response\"><p role=\"status\" aria-live=\"polite\" aria-atomic=\"true\"><\/p> <ul><\/ul><\/div>\n<form action=\"\/index.php?rest_route=%2Fwp%2Fv2%2Fpages%2F74#wpcf7-f476-o1\" method=\"post\" class=\"wpcf7-form init\" aria-label=\"Kontaktformular\" novalidate=\"novalidate\" data-status=\"init\">\n<fieldset class=\"hidden-fields-container\"><input type=\"hidden\" name=\"_wpcf7\" value=\"476\" \/><input type=\"hidden\" name=\"_wpcf7_version\" value=\"6.1.5\" \/><input type=\"hidden\" name=\"_wpcf7_locale\" value=\"de_DE\" \/><input type=\"hidden\" name=\"_wpcf7_unit_tag\" value=\"wpcf7-f476-o1\" \/><input type=\"hidden\" name=\"_wpcf7_container_post\" value=\"0\" \/><input type=\"hidden\" name=\"_wpcf7_posted_data_hash\" value=\"\" \/><input type=\"hidden\" name=\"_wpcf7_recaptcha_response\" value=\"\" \/>\n<\/fieldset>\n<p><label> Name<br \/>\n<span class=\"wpcf7-form-control-wrap\" data-name=\"your-name\"><input size=\"40\" maxlength=\"400\" class=\"wpcf7-form-control wpcf7-text wpcf7-validates-as-required\" aria-required=\"true\" aria-invalid=\"false\" value=\"\" type=\"text\" name=\"your-name\" \/><\/span> <\/label>\n<\/p>\n<p><label> E-Mail-Adresse<br \/>\n<span class=\"wpcf7-form-control-wrap\" data-name=\"your-email\"><input size=\"40\" maxlength=\"400\" class=\"wpcf7-form-control wpcf7-email wpcf7-validates-as-required wpcf7-text wpcf7-validates-as-email\" aria-required=\"true\" aria-invalid=\"false\" value=\"\" type=\"email\" name=\"your-email\" \/><\/span> <\/label>\n<\/p>\n<p><label> Deine Nachricht<br \/>\n<span class=\"wpcf7-form-control-wrap\" data-name=\"your-message\"><textarea cols=\"40\" rows=\"10\" maxlength=\"2000\" class=\"wpcf7-form-control wpcf7-textarea wpcf7-validates-as-required\" aria-required=\"true\" aria-invalid=\"false\" name=\"your-message\"><\/textarea><\/span> <\/label>\n<\/p>\n<span class=\"wpcf7-form-control-wrap recaptcha\" data-name=\"recaptcha\"><span data-sitekey=\"6LcOv2kiAAAAAMDc_ACKzQ4TNce_zK5I12tsy65_\" class=\"wpcf7-form-control wpcf7-recaptcha g-recaptcha\"><\/span>\r\n<noscript>\r\n\t<div class=\"grecaptcha-noscript\">\r\n\t\t<iframe loading=\"lazy\" src=\"https:\/\/www.google.com\/recaptcha\/api\/fallback?k=6LcOv2kiAAAAAMDc_ACKzQ4TNce_zK5I12tsy65_\" frameborder=\"0\" scrolling=\"no\" width=\"310\" height=\"430\">\r\n\t\t<\/iframe>\r\n\t\t<textarea name=\"g-recaptcha-response\" rows=\"3\" cols=\"40\" placeholder=\"reCaptcha Response Here\">\r\n\t\t<\/textarea>\r\n\t<\/div>\r\n<\/noscript>\r\n<\/span>\n<p><input class=\"wpcf7-form-control wpcf7-submit has-spinner\" type=\"submit\" value=\"Senden\" \/>\n<\/p><p style=\"display: none !important;\" class=\"akismet-fields-container\" data-prefix=\"_wpcf7_ak_\"><label>&#916;<textarea name=\"_wpcf7_ak_hp_textarea\" cols=\"45\" rows=\"8\" maxlength=\"100\"><\/textarea><\/label><input type=\"hidden\" id=\"ak_js_1\" name=\"_wpcf7_ak_js\" value=\"153\"\/><script>document.getElementById( \"ak_js_1\" ).setAttribute( \"value\", ( new Date() ).getTime() );<\/script><\/p><div class=\"wpcf7-response-output\" aria-hidden=\"true\"><\/div>\n<\/form>\n<\/div>\n<\/div>\r\n<!-- \/wp:contact-form-7\/contact-form-selector -->\r\n\r\n<!-- wp:paragraph -->\r\n<p>&nbsp;<\/p>\r\n<!-- \/wp:paragraph -->","protected":false},"excerpt":{"rendered":"<p>Jungsch\u00fctzenleiter Noah Heynemann jsleiter\u2202fsgurzelen.ch Jungsch\u00fctzenkurs in Gurzelen Wir f\u00fchren einen Jungsch\u00fctzenkurs durch. Aber was ist das? Sogenannte &#8222;Jungsch\u00fctzen&#8220; wie wir Sie nennen, Jugendliche und Erwachsene im Alter von 15 bis 20 Jahren, k\u00f6nnen bei uns den Jungsch\u00fctzenkurs absolvieren.\u00a0 Dieser Kurs wird vom Bund unterst\u00fctzt und ist f\u00fcr alle Teilnehmer Gratis. Bei uns lernst du den &hellip; <\/p>\n<p class=\"link-more\"><a href=\"https:\/\/fsgurzelen.ch\/?page_id=74\" class=\"more-link\"><span class=\"screen-reader-text\">\u201eJungsch\u00fctzen\u201c<\/span> weiterlesen<\/a><\/p>\n","protected":false},"author":1,"featured_media":0,"parent":0,"menu_order":0,"comment_status":"closed","ping_status":"closed","template":"","meta":{"footnotes":""},"class_list":["post-74","page","type-page","status-publish","hentry"],"_links":{"self":[{"href":"https:\/\/fsgurzelen.ch\/index.php?rest_route=\/wp\/v2\/pages\/74","targetHints":{"allow":["GET"]}}],"collection":[{"href":"https:\/\/fsgurzelen.ch\/index.php?rest_route=\/wp\/v2\/pages"}],"about":[{"href":"https:\/\/fsgurzelen.ch\/index.php?rest_route=\/wp\/v2\/types\/page"}],"author":[{"embeddable":true,"href":"https:\/\/fsgurzelen.ch\/index.php?rest_route=\/wp\/v2\/users\/1"}],"replies":[{"embeddable":true,"href":"https:\/\/fsgurzelen.ch\/index.php?rest_route=%2Fwp%2Fv2%2Fcomments&post=74"}],"version-history":[{"count":20,"href":"https:\/\/fsgurzelen.ch\/index.php?rest_route=\/wp\/v2\/pages\/74\/revisions"}],"predecessor-version":[{"id":1778,"href":"https:\/\/fsgurzelen.ch\/index.php?rest_route=\/wp\/v2\/pages\/74\/revisions\/1778"}],"wp:attachment":[{"href":"https:\/\/fsgurzelen.ch\/index.php?rest_route=%2Fwp%2Fv2%2Fmedia&parent=74"}],"curies":[{"name":"wp","href":"https:\/\/api.w.org\/{rel}","templated":true}]}}