{"id":76,"date":"2022-03-14T20:17:10","date_gmt":"2022-03-14T20:17:10","guid":{"rendered":"http:\/\/test.fsgurzelen.ch\/?page_id=76"},"modified":"2026-03-01T14:31:03","modified_gmt":"2026-03-01T14:31:03","slug":"vorstand","status":"publish","type":"page","link":"https:\/\/fsgurzelen.ch\/?page_id=76","title":{"rendered":"Vorstand"},"content":{"rendered":"<div class=\"wp-block-post-date__modified-date wp-block-post-date\"><time datetime=\"2026-03-01T14:31:03+00:00\">1. M\u00e4rz 2026<\/time><\/div>\n\n\n<div style=\"height:50px\" aria-hidden=\"true\" class=\"wp-block-spacer\"><\/div>\n\n\n\n<figure class=\"wp-block-table is-style-regular\" style=\"font-size:10px\"><table><thead><tr><th>Funktion<\/th><th>Name + Vorname<\/th><th>Strasse + Hausnummer<\/th><th>PLZ + Wohnort<\/th><th>E-Mail Adresse<\/th><\/tr><\/thead><tbody><tr><td>Pr\u00e4sident<\/td><td>Schafroth Jan<\/td><td>Krankenhausstrasse 6<\/td><td>3672 Oberdiessbach<\/td><td><a href=\"https:\/\/fsgurzelen.ch\/?page_id=80\"  class=\"mailcrypt\">praesident<span><span>\u2202<\/span><\/span>fsgurzelen.ch<\/a><\/td><\/tr><tr><td>Vize Pr\u00e4sident<\/td><td><em>vakant<\/em><\/td><td><\/td><td><\/td><td><\/td><\/tr><tr><td>Sekret\u00e4r<\/td><td>Aegerter Mirko<\/td><td><\/td><td>3663 Gurzelen<\/td><td><\/td><\/tr><tr><td>Kassier<\/td><td>Klee Miriam<\/td><td><\/td><td>3635 Uebeschi<\/td><td><\/td><\/tr><tr><td>JS Leiter<\/td><td>Heynemann Noah<\/td><td>H\u00fcbeli 131<\/td><td>3663 Gurzelen<\/td><td><a href=\"https:\/\/fsgurzelen.ch\/?page_id=80\"  class=\"mailcrypt\">jsleiter<span><span>\u2202<\/span><\/span>fsgurzelen.ch<\/a><\/td><\/tr><tr><td>1. Sch\u00fctzenmeister<\/td><td>Stern Daniel<\/td><td><\/td><td><\/td><td><\/td><\/tr><tr><td>Schiesssekret\u00e4r<\/td><td>Krebs Andreas<\/td><td>Panoramaweg 4<\/td><td>3665 Wattenwil<\/td><td><a href=\"https:\/\/fsgurzelen.ch\/?page_id=80\"  class=\"mailcrypt\">info<span><span>\u2202<\/span><\/span>fsgurzelen.ch<\/a><\/td><\/tr><tr><td>Mun-Verwalter<\/td><td>Hodler Hans<\/td><td><\/td><td>3663 Gurzelen<\/td><td><\/td><\/tr><tr><td>Anlagewart<\/td><td>Stern Peter<\/td><td><\/td><td>3663 Gurzelen<\/td><td><\/td><\/tr><tr><td>Beisitzer &amp; Wirt<\/td><td>Wenger J\u00fcrg<\/td><td><\/td><td>3663 Gurzelen<\/td><td><\/td><\/tr><tr><td>F\u00e4hnrich<\/td><td>Zingg Beat<\/td><td>Eggenstrasse 7<\/td><td>3663 Gurzelen<\/td><td><\/td><\/tr><\/tbody><\/table><figcaption class=\"wp-element-caption\">Koordinaten Vorstand FS Gurzelen<\/figcaption><\/figure>\n\n\n\n<p><\/p>\n","protected":false},"excerpt":{"rendered":"<p>Funktion Name + Vorname Strasse + Hausnummer PLZ + Wohnort E-Mail Adresse Pr\u00e4sident Schafroth Jan Krankenhausstrasse 6 3672 Oberdiessbach praesident\u2202fsgurzelen.ch Vize Pr\u00e4sident vakant Sekret\u00e4r Aegerter Mirko 3663 Gurzelen Kassier Klee Miriam 3635 Uebeschi JS Leiter Heynemann Noah H\u00fcbeli 131 3663 Gurzelen jsleiter\u2202fsgurzelen.ch 1. Sch\u00fctzenmeister Stern Daniel Schiesssekret\u00e4r Krebs Andreas Panoramaweg 4 3665 Wattenwil info\u2202fsgurzelen.ch Mun-Verwalter &hellip; <\/p>\n<p class=\"link-more\"><a href=\"https:\/\/fsgurzelen.ch\/?page_id=76\" class=\"more-link\"><span class=\"screen-reader-text\">\u201eVorstand\u201c<\/span> weiterlesen<\/a><\/p>\n","protected":false},"author":1,"featured_media":0,"parent":0,"menu_order":0,"comment_status":"closed","ping_status":"closed","template":"","meta":{"footnotes":""},"class_list":["post-76","page","type-page","status-publish","hentry"],"_links":{"self":[{"href":"https:\/\/fsgurzelen.ch\/index.php?rest_route=\/wp\/v2\/pages\/76","targetHints":{"allow":["GET"]}}],"collection":[{"href":"https:\/\/fsgurzelen.ch\/index.php?rest_route=\/wp\/v2\/pages"}],"about":[{"href":"https:\/\/fsgurzelen.ch\/index.php?rest_route=\/wp\/v2\/types\/page"}],"author":[{"embeddable":true,"href":"https:\/\/fsgurzelen.ch\/index.php?rest_route=\/wp\/v2\/users\/1"}],"replies":[{"embeddable":true,"href":"https:\/\/fsgurzelen.ch\/index.php?rest_route=%2Fwp%2Fv2%2Fcomments&post=76"}],"version-history":[{"count":34,"href":"https:\/\/fsgurzelen.ch\/index.php?rest_route=\/wp\/v2\/pages\/76\/revisions"}],"predecessor-version":[{"id":1745,"href":"https:\/\/fsgurzelen.ch\/index.php?rest_route=\/wp\/v2\/pages\/76\/revisions\/1745"}],"wp:attachment":[{"href":"https:\/\/fsgurzelen.ch\/index.php?rest_route=%2Fwp%2Fv2%2Fmedia&parent=76"}],"curies":[{"name":"wp","href":"https:\/\/api.w.org\/{rel}","templated":true}]}}