{"id":78,"date":"2022-03-14T20:17:45","date_gmt":"2022-03-14T20:17:45","guid":{"rendered":"http:\/\/test.fsgurzelen.ch\/?page_id=78"},"modified":"2023-05-13T13:56:12","modified_gmt":"2023-05-13T13:56:12","slug":"schiessstand","status":"publish","type":"page","link":"https:\/\/fsgurzelen.ch\/?page_id=78","title":{"rendered":"Schiessstand"},"content":{"rendered":"\n<p>Der 300m Schiessstand der Feldsch\u00fctzen Gurzelen ist an der Adresse <strong>Kapfgasse 8 3663 Gurzelen <\/strong>zu finden.<\/p>\n\n\n\n<p><p class=\"has-text-align-left\">Es besteht <strong>KEINE Parkm\u00f6glichkeit<\/strong> beim Sch\u00fctzenhaus. Wir bitten alle Sch\u00fctzen m\u00f6glichst geschlossen anzureisen. Parkm\u00f6glichkeit\u00a0\u00a0an der Kapfgasse 8.\u00a0\u00a0Wir bitten um gr\u00f6sste R\u00fccksichtnahme gegen\u00fcber unseren Nachbarn!<\/p><\/p>\n\n\n\n<p><p class=\"has-text-align-left\"><span style=\"font-size: 1rem;\">Hier der Standort der Schiessanlage auf <strong>Swisstopo<\/strong><\/span><em style=\"font-size: 1rem;\">. <\/em><\/p><\/p>\n\n\n\n<iframe src='https:\/\/map.geo.admin.ch\/embed.html?lang=de&#038;topic=ech&#038;bgLayer=ch.swisstopo.pixelkarte-farbe&#038;layers=ch.swisstopo.zeitreihen,ch.bfs.gebaeude_wohnungs_register,ch.bav.haltestellen-oev,ch.swisstopo.swisstlm3d-wanderwege,ch.astra.wanderland-sperrungen_umleitungen&#038;layers_opacity=1,1,1,0.8,0.8&#038;layers_visibility=false,false,false,false,false&#038;layers_timestamp=18641231,,,,&#038;E=2607548.41&#038;N=1180703.87&#038;zoom=10' width='700' height='300' frameborder='0' style='border:0' allow='geolocation'><\/iframe>\n","protected":false},"excerpt":{"rendered":"<p>Der 300m Schiessstand der Feldsch\u00fctzen Gurzelen ist an der Adresse Kapfgasse 8 3663 Gurzelen zu finden. Es besteht KEINE Parkm\u00f6glichkeit beim Sch\u00fctzenhaus. Wir bitten alle Sch\u00fctzen m\u00f6glichst geschlossen anzureisen. Parkm\u00f6glichkeit\u00a0\u00a0an der Kapfgasse 8.\u00a0\u00a0Wir bitten um gr\u00f6sste R\u00fccksichtnahme gegen\u00fcber unseren Nachbarn! Hier der Standort der Schiessanlage auf Swisstopo.<\/p>\n","protected":false},"author":1,"featured_media":0,"parent":0,"menu_order":0,"comment_status":"closed","ping_status":"closed","template":"","meta":{"footnotes":""},"class_list":["post-78","page","type-page","status-publish","hentry"],"_links":{"self":[{"href":"https:\/\/fsgurzelen.ch\/index.php?rest_route=\/wp\/v2\/pages\/78","targetHints":{"allow":["GET"]}}],"collection":[{"href":"https:\/\/fsgurzelen.ch\/index.php?rest_route=\/wp\/v2\/pages"}],"about":[{"href":"https:\/\/fsgurzelen.ch\/index.php?rest_route=\/wp\/v2\/types\/page"}],"author":[{"embeddable":true,"href":"https:\/\/fsgurzelen.ch\/index.php?rest_route=\/wp\/v2\/users\/1"}],"replies":[{"embeddable":true,"href":"https:\/\/fsgurzelen.ch\/index.php?rest_route=%2Fwp%2Fv2%2Fcomments&post=78"}],"version-history":[{"count":14,"href":"https:\/\/fsgurzelen.ch\/index.php?rest_route=\/wp\/v2\/pages\/78\/revisions"}],"predecessor-version":[{"id":856,"href":"https:\/\/fsgurzelen.ch\/index.php?rest_route=\/wp\/v2\/pages\/78\/revisions\/856"}],"wp:attachment":[{"href":"https:\/\/fsgurzelen.ch\/index.php?rest_route=%2Fwp%2Fv2%2Fmedia&parent=78"}],"curies":[{"name":"wp","href":"https:\/\/api.w.org\/{rel}","templated":true}]}}