{"id":82,"date":"2022-03-14T20:19:51","date_gmt":"2022-03-14T20:19:51","guid":{"rendered":"http:\/\/test.fsgurzelen.ch\/?page_id=82"},"modified":"2026-03-01T11:26:46","modified_gmt":"2026-03-01T11:26:46","slug":"links","status":"publish","type":"page","link":"https:\/\/fsgurzelen.ch\/?page_id=82","title":{"rendered":"Schiesssportverb\u00e4nde"},"content":{"rendered":"<div class=\"wp-block-post-date__modified-date wp-block-post-date\"><time datetime=\"2026-03-01T11:26:46+00:00\">1. M\u00e4rz 2026<\/time><\/div>\n\n\n<div class=\"wp-block-media-text is-stacked-on-mobile\" style=\"grid-template-columns:23% auto\"><figure class=\"wp-block-media-text__media\"><img loading=\"lazy\" decoding=\"async\" width=\"1101\" height=\"1074\" src=\"https:\/\/fsgurzelen.ch\/wp-content\/uploads\/2024\/02\/Fahne_farb.jpg\" alt=\"Logo-SVBM\" class=\"wp-image-1209 size-full\" srcset=\"https:\/\/fsgurzelen.ch\/wp-content\/uploads\/2024\/02\/Fahne_farb.jpg 1101w, https:\/\/fsgurzelen.ch\/wp-content\/uploads\/2024\/02\/Fahne_farb-300x293.jpg 300w, https:\/\/fsgurzelen.ch\/wp-content\/uploads\/2024\/02\/Fahne_farb-768x749.jpg 768w\" sizes=\"auto, (max-width: 767px) 89vw, (max-width: 1000px) 54vw, (max-width: 1071px) 543px, 580px\" \/><\/figure><div class=\"wp-block-media-text__content\">\n<p class=\"has-medium-font-size\"><strong>Sch\u00fctzenveteranen Bern &#8211; Mittelland<\/strong><\/p>\n\n\n\n<p>Hier geht&#8217;s zur <strong><a href=\"https:\/\/www.sv-bernmittelland.ch\/\" data-type=\"link\" data-id=\"https:\/\/www.sv-bernmittelland.ch\/\" target=\"_blank\" rel=\"noreferrer noopener\">Website.<\/a><\/strong><\/p>\n\n\n\n<p><\/p>\n<\/div><\/div>\n\n\n\n<hr class=\"wp-block-separator has-alpha-channel-opacity is-style-wide\"\/>\n\n\n\n<div class=\"wp-block-media-text is-stacked-on-mobile\" style=\"grid-template-columns:41% auto\"><figure class=\"wp-block-media-text__media\"><img loading=\"lazy\" decoding=\"async\" width=\"415\" height=\"121\" src=\"https:\/\/fsgurzelen.ch\/wp-content\/uploads\/2024\/02\/Download.png\" alt=\"\" class=\"wp-image-1210 size-full\" srcset=\"https:\/\/fsgurzelen.ch\/wp-content\/uploads\/2024\/02\/Download.png 415w, https:\/\/fsgurzelen.ch\/wp-content\/uploads\/2024\/02\/Download-300x87.png 300w\" sizes=\"auto, (max-width: 415px) 100vw, 415px\" \/><\/figure><div class=\"wp-block-media-text__content\">\n<p class=\"has-medium-font-size\"><strong>g\u00fcrbe schiesssportverband<\/strong><\/p>\n\n\n\n<p>Hier geht&#8217;s zur <strong><a href=\"https:\/\/www.gssv.ch\/index.php\" data-type=\"link\" data-id=\"https:\/\/www.gssv.ch\/index.php\" target=\"_blank\" rel=\"noreferrer noopener\">Website.<\/a><\/strong><\/p>\n\n\n\n<p><\/p>\n<\/div><\/div>\n\n\n\n<hr class=\"wp-block-separator has-alpha-channel-opacity is-style-wide\"\/>\n\n\n\n<div class=\"wp-block-media-text is-stacked-on-mobile\" style=\"grid-template-columns:41% auto\"><figure class=\"wp-block-media-text__media\"><img loading=\"lazy\" decoding=\"async\" width=\"422\" height=\"125\" src=\"https:\/\/fsgurzelen.ch\/wp-content\/uploads\/2024\/02\/Picture3.jpg\" alt=\"\" class=\"wp-image-1220 size-full\" srcset=\"https:\/\/fsgurzelen.ch\/wp-content\/uploads\/2024\/02\/Picture3.jpg 422w, https:\/\/fsgurzelen.ch\/wp-content\/uploads\/2024\/02\/Picture3-300x89.jpg 300w\" sizes=\"auto, (max-width: 422px) 100vw, 422px\" \/><\/figure><div class=\"wp-block-media-text__content\">\n<p class=\"has-medium-font-size\"><strong>Mittell\u00e4nder Schiesssportverband<\/strong><\/p>\n\n\n\n<p>Hier geht&#8217;s zur <a href=\"https:\/\/www.mssvbe.ch\/index.php\" data-type=\"link\" data-id=\"https:\/\/www.mssvbe.ch\/index.php\" target=\"_blank\" rel=\"noreferrer noopener\"><strong>Website.<\/strong><\/a><\/p>\n\n\n\n<p><\/p>\n<\/div><\/div>\n\n\n\n<hr class=\"wp-block-separator has-alpha-channel-opacity is-style-wide\"\/>\n\n\n\n<div class=\"wp-block-media-text is-stacked-on-mobile\" style=\"grid-template-columns:41% auto\"><figure class=\"wp-block-media-text__media\"><img loading=\"lazy\" decoding=\"async\" width=\"281\" height=\"92\" src=\"https:\/\/fsgurzelen.ch\/wp-content\/uploads\/2024\/02\/Logo_BSSV.png\" alt=\"\" class=\"wp-image-1245 size-full\"\/><\/figure><div class=\"wp-block-media-text__content\">\n<p class=\"has-medium-font-size\"><strong>Berner Schiesssportverband<\/strong><\/p>\n\n\n\n<p>Hier geht&#8217;s zur <a href=\"https:\/\/www.bssvbe.ch\/\" data-type=\"link\" data-id=\"https:\/\/www.bssvbe.ch\/\" target=\"_blank\" rel=\"noreferrer noopener\"><strong>Website.<\/strong><\/a><\/p>\n\n\n\n<p><\/p>\n<\/div><\/div>\n\n\n\n<hr class=\"wp-block-separator has-alpha-channel-opacity is-style-wide\"\/>\n\n\n\n<div class=\"wp-block-media-text is-stacked-on-mobile\" style=\"grid-template-columns:23% auto\"><figure class=\"wp-block-media-text__media\"><img loading=\"lazy\" decoding=\"async\" width=\"1069\" height=\"1080\" src=\"https:\/\/fsgurzelen.ch\/wp-content\/uploads\/2026\/03\/ssv_logo_sh_rot-1069x1080.png\" alt=\"\" class=\"wp-image-1733 size-full\" srcset=\"https:\/\/fsgurzelen.ch\/wp-content\/uploads\/2026\/03\/ssv_logo_sh_rot-1069x1080.png 1069w, https:\/\/fsgurzelen.ch\/wp-content\/uploads\/2026\/03\/ssv_logo_sh_rot-297x300.png 297w, https:\/\/fsgurzelen.ch\/wp-content\/uploads\/2026\/03\/ssv_logo_sh_rot-768x776.png 768w, https:\/\/fsgurzelen.ch\/wp-content\/uploads\/2026\/03\/ssv_logo_sh_rot-1521x1536.png 1521w, https:\/\/fsgurzelen.ch\/wp-content\/uploads\/2026\/03\/ssv_logo_sh_rot-2028x2048.png 2028w, https:\/\/fsgurzelen.ch\/wp-content\/uploads\/2026\/03\/ssv_logo_sh_rot-100x100.png 100w\" sizes=\"auto, (max-width: 767px) 89vw, (max-width: 1000px) 54vw, (max-width: 1071px) 543px, 580px\" \/><\/figure><div class=\"wp-block-media-text__content\">\n<p class=\"has-medium-font-size\"><strong>Schweizer Schiesssportverband<\/strong><\/p>\n\n\n\n<p>Hier geht&#8217;s zur <a href=\"https:\/\/www.swissshooting.ch\/de\/\" data-type=\"link\" data-id=\"https:\/\/www.swissshooting.ch\/de\/\" target=\"_blank\" rel=\"noreferrer noopener\"><strong>Website.<\/strong><\/a><\/p>\n\n\n\n<p><\/p>\n<\/div><\/div>\n","protected":false},"excerpt":{"rendered":"<p>Sch\u00fctzenveteranen Bern &#8211; Mittelland Hier geht&#8217;s zur Website. g\u00fcrbe schiesssportverband Hier geht&#8217;s zur Website. Mittell\u00e4nder Schiesssportverband Hier geht&#8217;s zur Website. Berner Schiesssportverband Hier geht&#8217;s zur Website. Schweizer Schiesssportverband Hier geht&#8217;s zur Website.<\/p>\n","protected":false},"author":1,"featured_media":0,"parent":0,"menu_order":0,"comment_status":"closed","ping_status":"closed","template":"","meta":{"footnotes":""},"class_list":["post-82","page","type-page","status-publish","hentry"],"_links":{"self":[{"href":"https:\/\/fsgurzelen.ch\/index.php?rest_route=\/wp\/v2\/pages\/82","targetHints":{"allow":["GET"]}}],"collection":[{"href":"https:\/\/fsgurzelen.ch\/index.php?rest_route=\/wp\/v2\/pages"}],"about":[{"href":"https:\/\/fsgurzelen.ch\/index.php?rest_route=\/wp\/v2\/types\/page"}],"author":[{"embeddable":true,"href":"https:\/\/fsgurzelen.ch\/index.php?rest_route=\/wp\/v2\/users\/1"}],"replies":[{"embeddable":true,"href":"https:\/\/fsgurzelen.ch\/index.php?rest_route=%2Fwp%2Fv2%2Fcomments&post=82"}],"version-history":[{"count":17,"href":"https:\/\/fsgurzelen.ch\/index.php?rest_route=\/wp\/v2\/pages\/82\/revisions"}],"predecessor-version":[{"id":1734,"href":"https:\/\/fsgurzelen.ch\/index.php?rest_route=\/wp\/v2\/pages\/82\/revisions\/1734"}],"wp:attachment":[{"href":"https:\/\/fsgurzelen.ch\/index.php?rest_route=%2Fwp%2Fv2%2Fmedia&parent=82"}],"curies":[{"name":"wp","href":"https:\/\/api.w.org\/{rel}","templated":true}]}}